{"id":3920,"date":"2023-10-31T12:53:32","date_gmt":"2023-10-31T12:53:32","guid":{"rendered":"https:\/\/demos-prague.foxthemes.me\/elementor\/?page_id=3920"},"modified":"2025-03-25T14:01:19","modified_gmt":"2025-03-25T11:01:19","slug":"tasarim-paketleri","status":"publish","type":"page","link":"https:\/\/nammimarlik.com\/index.php\/tasarim-paketleri\/","title":{"rendered":"Pricing Image"},"content":{"rendered":"\t\t<div data-elementor-type=\"wp-page\" data-elementor-id=\"3920\" class=\"elementor elementor-3920\">\n\t\t\t\t<div class=\"elementor-element elementor-element-36a9f96 e-con-full e-flex e-con e-parent\" data-id=\"36a9f96\" data-element_type=\"container\">\n\t\t\t\t<div class=\"elementor-element elementor-element-c91f419 elementor-widget elementor-widget-banner-title\" data-id=\"c91f419\" data-element_type=\"widget\" data-widget_type=\"banner-title.default\">\n\t\t\t\t<div class=\"elementor-widget-container\">\n\t\t\t\t\t\t\t<section class=\"container-fluid top-banner no-padd  simple  dark\">\t\t\t<div class=\"content\">\n\t\t\t\t<div class=\"prague-svg-animation-text\">\n\t\t\t\t\t\t\t\t\t<\/div>\n\t\t\t\t<div class=\"subtitle\">F\u0130YATLANDIRMA<\/div>\t\t\t\t<h2 class=\"title\">Akl\u0131n\u0131zdaki mekan i\u00e7in tasar\u0131m \u00fccretlerimize bir g\u00f6z at\u0131n<\/h2>\t\t\t\t\t\t\t\t\t\t\t<\/div>\n\t\t\t<div class=\"top-banner-cursor\"><\/div>\n\t\t<\/section>\n\t\t\t\t\t\t<\/div>\n\t\t\t\t<\/div>\n\t\t\t\t<\/div>\n\t\t<div class=\"elementor-element elementor-element-f0dcf81 e-flex e-con-boxed e-con e-parent\" data-id=\"f0dcf81\" data-element_type=\"container\">\n\t\t\t\t\t<div class=\"e-con-inner\">\n\t\t<div class=\"elementor-element elementor-element-a155593 e-con-full e-flex e-con e-child\" data-id=\"a155593\" data-element_type=\"container\">\n\t\t\t\t<div class=\"elementor-element elementor-element-f870b19 elementor-widget elementor-widget-pricing\" data-id=\"f870b19\" data-element_type=\"widget\" data-widget_type=\"pricing.default\">\n\t\t\t\t<div class=\"elementor-widget-container\">\n\t\t\t\t\t\t\t\t<div class=\"prague-pricing-wrapper  featured_image\">\n\t\t\t\t\t\t\t\t\t<div class=\"pricing-img-wrapp\">\n\t\t\t\t\t\t<img decoding=\"async\" data-lazy-src=\"https:\/\/nammimarlik.com\/wp-content\/uploads\/2017\/01\/4-4-scaled.jpg\" src=\"data:image\/gif;base64,R0lGODdhAQABAIAAAAAAAMzMzCwAAAAAAQABAAACAkQBADs=\" class=\"s-img-switch\" alt=\"\" \/>\t\t\t\t\t<\/div>\n\t\t\t\t\t\t\t\t<div class=\"prague-pricing-content-wrapper\">\t\n\t\t\t\t\n\t\t\t\t\t\n\t\t\t\t\t\t\t\t\t\t<h3 class=\"prague-pricing-price\">\n\t\t\t\t\t\t35000 \u20ba\t\t\t\t\t<\/h3>\n\t\t\t\t\t\n\t\t\t\t\t\t\t\t\t\t<h3 class=\"prague-pricing-title\">\n\t\t\t\t\t\t1+1 Ev Dekorasyonu\t\t\t\t\t<\/h3>\n\t\t\t\t\t\n\t\t\t\t\t\t\t\t\t\t<div class=\"prague-pricing-description\">\n\t\t\t\t\t<p>1+1 evini ba\u015ftan sona tasarlatmak isteyenler m\u00fc\u015fteriler i\u00e7in premium tasar\u0131m hizmeti<\/p>\n\t\t\t\t\t<\/div>\n\t\t\t\t\t\n\t\t\t\t\t\t\t\t\t\t\t<a  class=\"prague-pricing-link a-btn-arrow-2\" \n\t\t\t\t\t\t\thref=\"http:\/\/wp.themedemo.co\/prague\/contact-us\/\" \n\t\t\t\t\t\t\ttarget=\"_blank\">\n\t\t\t\t\t\t\t<span class=\"arrow-right\"><\/span>\n\t\t\t\t\t\t\tDetaylara Git\t\t\t\t\t\t<\/a>\t\t\t\t<\/div>\n\t\t\t<\/div>\n\t\t\t\t\t\t\t<\/div>\n\t\t\t\t<\/div>\n\t\t\t\t<\/div>\n\t\t<div class=\"elementor-element elementor-element-272012f e-con-full e-flex e-con e-child\" data-id=\"272012f\" data-element_type=\"container\">\n\t\t\t\t<div class=\"elementor-element elementor-element-e3ecda9 elementor-widget elementor-widget-pricing\" data-id=\"e3ecda9\" data-element_type=\"widget\" data-widget_type=\"pricing.default\">\n\t\t\t\t<div class=\"elementor-widget-container\">\n\t\t\t\t\t\t\t\t<div class=\"prague-pricing-wrapper  featured_image\">\n\t\t\t\t\t\t\t\t\t<div class=\"pricing-img-wrapp\">\n\t\t\t\t\t\t<img decoding=\"async\" data-lazy-src=\"https:\/\/nammimarlik.com\/wp-content\/uploads\/2025\/03\/1-dresuar.png\" src=\"data:image\/gif;base64,R0lGODdhAQABAIAAAAAAAMzMzCwAAAAAAQABAAACAkQBADs=\" class=\"s-img-switch\" alt=\"\" \/>\t\t\t\t\t<\/div>\n\t\t\t\t\t\t\t\t<div class=\"prague-pricing-content-wrapper\">\t\n\t\t\t\t\n\t\t\t\t\t\n\t\t\t\t\t\t\t\t\t\t<h3 class=\"prague-pricing-price\">\n\t\t\t\t\t\t50000 \u20ba\t\t\t\t\t<\/h3>\n\t\t\t\t\t\n\t\t\t\t\t\t\t\t\t\t<h3 class=\"prague-pricing-title\">\n\t\t\t\t\t\t2+1 Ev Dekorasyonu\t\t\t\t\t<\/h3>\n\t\t\t\t\t\n\t\t\t\t\t\t\t\t\t\t<div class=\"prague-pricing-description\">\n\t\t\t\t\t<p>2+1 evini ba\u015ftan sona tasarlatmak isteyen m\u00fc\u015fteriler i\u00e7in premium tasar\u0131m hizmeti<\/p>\n\t\t\t\t\t<\/div>\n\t\t\t\t\t\n\t\t\t\t\t\t\t\t\t\t\t<a  class=\"prague-pricing-link a-btn-arrow-2\" \n\t\t\t\t\t\t\thref=\"http:\/\/wp.themedemo.co\/prague\/contact-us\/\" \n\t\t\t\t\t\t\ttarget=\"_blank\">\n\t\t\t\t\t\t\t<span class=\"arrow-right\"><\/span>\n\t\t\t\t\t\t\tDetaylara Git\t\t\t\t\t\t<\/a>\t\t\t\t<\/div>\n\t\t\t<\/div>\n\t\t\t\t\t\t\t<\/div>\n\t\t\t\t<\/div>\n\t\t\t\t<\/div>\n\t\t<div class=\"elementor-element elementor-element-f2f9c00 e-con-full e-flex e-con e-child\" data-id=\"f2f9c00\" data-element_type=\"container\">\n\t\t\t\t<div class=\"elementor-element elementor-element-16a8dba elementor-widget elementor-widget-pricing\" data-id=\"16a8dba\" data-element_type=\"widget\" data-widget_type=\"pricing.default\">\n\t\t\t\t<div class=\"elementor-widget-container\">\n\t\t\t\t\t\t\t\t<div class=\"prague-pricing-wrapper  featured_image\">\n\t\t\t\t\t\t\t\t\t<div class=\"pricing-img-wrapp\">\n\t\t\t\t\t\t<img decoding=\"async\" data-lazy-src=\"https:\/\/nammimarlik.com\/wp-content\/uploads\/2017\/01\/7-3-scaled.jpg\" src=\"data:image\/gif;base64,R0lGODdhAQABAIAAAAAAAMzMzCwAAAAAAQABAAACAkQBADs=\" class=\"s-img-switch\" alt=\"\" \/>\t\t\t\t\t<\/div>\n\t\t\t\t\t\t\t\t<div class=\"prague-pricing-content-wrapper\">\t\n\t\t\t\t\n\t\t\t\t\t\n\t\t\t\t\t\t\t\t\t\t<h3 class=\"prague-pricing-price\">\n\t\t\t\t\t\t65000 \u20ba\t\t\t\t\t<\/h3>\n\t\t\t\t\t\n\t\t\t\t\t\t\t\t\t\t<h3 class=\"prague-pricing-title\">\n\t\t\t\t\t\t3+1 Ev Dekorasyonu\t\t\t\t\t<\/h3>\n\t\t\t\t\t\n\t\t\t\t\t\t\t\t\t\t<div class=\"prague-pricing-description\">\n\t\t\t\t\t<p>3+1 evini ba\u015ftan sona tasarlatmak isteyenler m\u00fc\u015fteriler i\u00e7in premium tasar\u0131m hizmeti<\/p>\n\t\t\t\t\t<\/div>\n\t\t\t\t\t\n\t\t\t\t\t\t\t\t\t\t\t<a  class=\"prague-pricing-link a-btn-arrow-2\" \n\t\t\t\t\t\t\thref=\"http:\/\/wp.themedemo.co\/prague\/contact-us\/\" \n\t\t\t\t\t\t\ttarget=\"_blank\">\n\t\t\t\t\t\t\t<span class=\"arrow-right\"><\/span>\n\t\t\t\t\t\t\tDetaylara Git\t\t\t\t\t\t<\/a>\t\t\t\t<\/div>\n\t\t\t<\/div>\n\t\t\t\t\t\t\t<\/div>\n\t\t\t\t<\/div>\n\t\t\t\t<\/div>\n\t\t\t\t\t<\/div>\n\t\t\t\t<\/div>\n\t\t<div class=\"elementor-element elementor-element-ee7d22d e-grid e-con-boxed e-con e-parent\" data-id=\"ee7d22d\" data-element_type=\"container\">\n\t\t\t\t\t<div class=\"e-con-inner\">\n\t\t\t\t<div class=\"elementor-element elementor-element-6bb420b elementor-widget elementor-widget-pricing\" data-id=\"6bb420b\" data-element_type=\"widget\" data-widget_type=\"pricing.default\">\n\t\t\t\t<div class=\"elementor-widget-container\">\n\t\t\t\t\t\t\t\t<div class=\"prague-pricing-wrapper  featured_image\">\n\t\t\t\t\t\t\t\t\t<div class=\"pricing-img-wrapp\">\n\t\t\t\t\t\t<img decoding=\"async\" data-lazy-src=\"https:\/\/nammimarlik.com\/wp-content\/uploads\/2025\/03\/Enscape_2024-12-31-13-32-38_S-1.png\" src=\"data:image\/gif;base64,R0lGODdhAQABAIAAAAAAAMzMzCwAAAAAAQABAAACAkQBADs=\" class=\"s-img-switch\" alt=\"\" \/>\t\t\t\t\t<\/div>\n\t\t\t\t\t\t\t\t<div class=\"prague-pricing-content-wrapper\">\t\n\t\t\t\t\n\t\t\t\t\t\n\t\t\t\t\t\t\t\t\t\t<h3 class=\"prague-pricing-price\">\n\t\t\t\t\t\t12000 \u20ba\t\t\t\t\t<\/h3>\n\t\t\t\t\t\n\t\t\t\t\t\t\t\t\t\t<h3 class=\"prague-pricing-title\">\n\t\t\t\t\t\tOda Dekorasyonu\t\t\t\t\t<\/h3>\n\t\t\t\t\t\n\t\t\t\t\t\t\t\t\t\t<div class=\"prague-pricing-description\">\n\t\t\t\t\t<p>\u00c7ocuk odas\u0131, yatak odas\u0131, salon, antre-hol, giyinme odas\u0131, hobi gibi evinizden se\u00e7ti\u011finiz bir oday\u0131 tasarlatmak isteyenler i\u00e7in premium tasar\u0131m hizmeti<\/p>\n\t\t\t\t\t<\/div>\n\t\t\t\t\t\n\t\t\t\t\t\t\t\t\t\t\t<a  class=\"prague-pricing-link a-btn-arrow-2\" \n\t\t\t\t\t\t\thref=\"http:\/\/wp.themedemo.co\/prague\/contact-us\/\" \n\t\t\t\t\t\t\ttarget=\"_blank\">\n\t\t\t\t\t\t\t<span class=\"arrow-right\"><\/span>\n\t\t\t\t\t\t\tDetaylara Git\t\t\t\t\t\t<\/a>\t\t\t\t<\/div>\n\t\t\t<\/div>\n\t\t\t\t\t\t\t<\/div>\n\t\t\t\t<\/div>\n\t\t\t\t<div class=\"elementor-element elementor-element-5f4ab0a elementor-widget elementor-widget-pricing\" data-id=\"5f4ab0a\" data-element_type=\"widget\" data-widget_type=\"pricing.default\">\n\t\t\t\t<div class=\"elementor-widget-container\">\n\t\t\t\t\t\t\t\t<div class=\"prague-pricing-wrapper  featured_image\">\n\t\t\t\t\t\t\t\t\t<div class=\"pricing-img-wrapp\">\n\t\t\t\t\t\t<img decoding=\"async\" data-lazy-src=\"https:\/\/nammimarlik.com\/wp-content\/uploads\/2017\/01\/Enscape_2025-02-21-18-11-10-scaled.jpg\" src=\"data:image\/gif;base64,R0lGODdhAQABAIAAAAAAAMzMzCwAAAAAAQABAAACAkQBADs=\" class=\"s-img-switch\" alt=\"\" \/>\t\t\t\t\t<\/div>\n\t\t\t\t\t\t\t\t<div class=\"prague-pricing-content-wrapper\">\t\n\t\t\t\t\n\t\t\t\t\t\n\t\t\t\t\t\t\t\t\t\t<h3 class=\"prague-pricing-price\">\n\t\t\t\t\t\t12000 \u20ba\t\t\t\t\t<\/h3>\n\t\t\t\t\t\n\t\t\t\t\t\t\t\t\t\t<h3 class=\"prague-pricing-title\">\n\t\t\t\t\t\tMutfak Dekorasyonu\t\t\t\t\t<\/h3>\n\t\t\t\t\t\n\t\t\t\t\t\t\t\t\t\t<div class=\"prague-pricing-description\">\n\t\t\t\t\t<p>Mutfa\u011f\u0131n\u0131 tasarlatmak isteyen m\u00fc\u015fteriler i\u00e7in premium tasar\u0131m hizmeti<\/p>\n\t\t\t\t\t<\/div>\n\t\t\t\t\t\n\t\t\t\t\t\t\t\t\t\t\t<a  class=\"prague-pricing-link a-btn-arrow-2\" \n\t\t\t\t\t\t\thref=\"http:\/\/wp.themedemo.co\/prague\/contact-us\/\" \n\t\t\t\t\t\t\ttarget=\"_blank\">\n\t\t\t\t\t\t\t<span class=\"arrow-right\"><\/span>\n\t\t\t\t\t\t\tDetaylara Git\t\t\t\t\t\t<\/a>\t\t\t\t<\/div>\n\t\t\t<\/div>\n\t\t\t\t\t\t\t<\/div>\n\t\t\t\t<\/div>\n\t\t\t\t<div class=\"elementor-element elementor-element-9a46de3 elementor-widget elementor-widget-pricing\" data-id=\"9a46de3\" data-element_type=\"widget\" data-widget_type=\"pricing.default\">\n\t\t\t\t<div class=\"elementor-widget-container\">\n\t\t\t\t\t\t\t\t<div class=\"prague-pricing-wrapper  featured_image\">\n\t\t\t\t\t\t\t\t\t<div class=\"pricing-img-wrapp\">\n\t\t\t\t\t\t<img decoding=\"async\" data-lazy-src=\"https:\/\/nammimarlik.com\/wp-content\/uploads\/2025\/03\/Enscape_2025-02-21-18-06-45-scaled.jpg\" src=\"data:image\/gif;base64,R0lGODdhAQABAIAAAAAAAMzMzCwAAAAAAQABAAACAkQBADs=\" class=\"s-img-switch\" alt=\"\" \/>\t\t\t\t\t<\/div>\n\t\t\t\t\t\t\t\t<div class=\"prague-pricing-content-wrapper\">\t\n\t\t\t\t\n\t\t\t\t\t\n\t\t\t\t\t\t\t\t\t\t<h3 class=\"prague-pricing-price\">\n\t\t\t\t\t\t12000 \u20ba\t\t\t\t\t<\/h3>\n\t\t\t\t\t\n\t\t\t\t\t\t\t\t\t\t<h3 class=\"prague-pricing-title\">\n\t\t\t\t\t\tBanyo Dekorasyonu\t\t\t\t\t<\/h3>\n\t\t\t\t\t\n\t\t\t\t\t\t\t\t\t\t<div class=\"prague-pricing-description\">\n\t\t\t\t\t<p>Banyosunu tasarlatmak isteyen m\u00fc\u015fteriler i\u00e7in premium tasar\u0131m hizmeti<\/p>\n\t\t\t\t\t<\/div>\n\t\t\t\t\t\n\t\t\t\t\t\t\t\t\t\t\t<a  class=\"prague-pricing-link a-btn-arrow-2\" \n\t\t\t\t\t\t\thref=\"http:\/\/wp.themedemo.co\/prague\/contact-us\/\" \n\t\t\t\t\t\t\ttarget=\"_blank\">\n\t\t\t\t\t\t\t<span class=\"arrow-right\"><\/span>\n\t\t\t\t\t\t\tDetaylara Git\t\t\t\t\t\t<\/a>\t\t\t\t<\/div>\n\t\t\t<\/div>\n\t\t\t\t\t\t\t<\/div>\n\t\t\t\t<\/div>\n\t\t\t\t<div class=\"elementor-element elementor-element-9fa9b56 elementor-widget elementor-widget-pricing\" data-id=\"9fa9b56\" data-element_type=\"widget\" data-widget_type=\"pricing.default\">\n\t\t\t\t<div class=\"elementor-widget-container\">\n\t\t\t\t\t\t\t\t<div class=\"prague-pricing-wrapper  featured_image\">\n\t\t\t\t\t\t\t\t\t<div class=\"pricing-img-wrapp\">\n\t\t\t\t\t\t<img decoding=\"async\" data-lazy-src=\"https:\/\/nammimarlik.com\/wp-content\/uploads\/2025\/03\/4-scaled.jpg\" src=\"data:image\/gif;base64,R0lGODdhAQABAIAAAAAAAMzMzCwAAAAAAQABAAACAkQBADs=\" class=\"s-img-switch\" alt=\"\" \/>\t\t\t\t\t<\/div>\n\t\t\t\t\t\t\t\t<div class=\"prague-pricing-content-wrapper\">\t\n\t\t\t\t\n\t\t\t\t\t\n\t\t\t\t\t\t\t\t\t\t<h3 class=\"prague-pricing-price\">\n\t\t\t\t\t\t25000 \u20ba &#039;den ba\u015flayan\t\t\t\t\t<\/h3>\n\t\t\t\t\t\n\t\t\t\t\t\t\t\t\t\t<h3 class=\"prague-pricing-title\">\n\t\t\t\t\t\tOfis Dekorasyonu\t\t\t\t\t<\/h3>\n\t\t\t\t\t\n\t\t\t\t\t\t\t\t\t\t<div class=\"prague-pricing-description\">\n\t\t\t\t\t<p>Ofis, ma\u011faza, showroom, d\u00fckkan gibi mekanlar\u0131 tasarlatmak isteyen m\u00fc\u015fteriler i\u00e7in premium tasar\u0131m hizmeti (Fiyat max. 40m2'lik alan i\u00e7indir)<\/p>\n\t\t\t\t\t<\/div>\n\t\t\t\t\t\n\t\t\t\t\t\t\t\t\t\t\t<a  class=\"prague-pricing-link a-btn-arrow-2\" \n\t\t\t\t\t\t\thref=\"http:\/\/wp.themedemo.co\/prague\/contact-us\/\" \n\t\t\t\t\t\t\ttarget=\"_blank\">\n\t\t\t\t\t\t\t<span class=\"arrow-right\"><\/span>\n\t\t\t\t\t\t\tDetaylara Git\t\t\t\t\t\t<\/a>\t\t\t\t<\/div>\n\t\t\t<\/div>\n\t\t\t\t\t\t\t<\/div>\n\t\t\t\t<\/div>\n\t\t\t\t<div class=\"elementor-element elementor-element-dde99d4 elementor-widget elementor-widget-pricing\" data-id=\"dde99d4\" data-element_type=\"widget\" data-widget_type=\"pricing.default\">\n\t\t\t\t<div class=\"elementor-widget-container\">\n\t\t\t\t\t\t\t\t<div class=\"prague-pricing-wrapper  featured_image\">\n\t\t\t\t\t\t\t\t\t<div class=\"pricing-img-wrapp\">\n\t\t\t\t\t\t<img decoding=\"async\" data-lazy-src=\"https:\/\/nammimarlik.com\/wp-content\/uploads\/2025\/03\/Enscape_2025-03-20-13-24-08-scaled.jpg\" src=\"data:image\/gif;base64,R0lGODdhAQABAIAAAAAAAMzMzCwAAAAAAQABAAACAkQBADs=\" class=\"s-img-switch\" alt=\"\" \/>\t\t\t\t\t<\/div>\n\t\t\t\t\t\t\t\t<div class=\"prague-pricing-content-wrapper\">\t\n\t\t\t\t\n\t\t\t\t\t\n\t\t\t\t\t\t\t\t\t\t<h3 class=\"prague-pricing-price\">\n\t\t\t\t\t\t25000 \u20ba &#039;den ba\u015flayan\t\t\t\t\t<\/h3>\n\t\t\t\t\t\n\t\t\t\t\t\t\t\t\t\t<h3 class=\"prague-pricing-title\">\n\t\t\t\t\t\tYap\u0131 D\u0131\u015f Cephe Tasar\u0131m\u0131\t\t\t\t\t<\/h3>\n\t\t\t\t\t\n\t\t\t\t\t\t\t\t\t\t<div class=\"prague-pricing-description\">\n\t\t\t\t\t<p>Yap\u0131lar\u0131n\u0131n d\u0131\u015f cephelerini tasarlatmak, 3 boyutlu g\u00f6rselle\u015ftirmelerini ve video animasyonlar\u0131n\u0131 haz\u0131rlatmak isteyen m\u00fc\u015fteriler i\u00e7in premium tasar\u0131m hizmeti<\/p>\n\t\t\t\t\t<\/div>\n\t\t\t\t\t\n\t\t\t\t\t\t\t\t\t\t\t<a  class=\"prague-pricing-link a-btn-arrow-2\" \n\t\t\t\t\t\t\thref=\"http:\/\/wp.themedemo.co\/prague\/contact-us\/\" \n\t\t\t\t\t\t\ttarget=\"_blank\">\n\t\t\t\t\t\t\t<span class=\"arrow-right\"><\/span>\n\t\t\t\t\t\t\tDetaylara Git\t\t\t\t\t\t<\/a>\t\t\t\t<\/div>\n\t\t\t<\/div>\n\t\t\t\t\t\t\t<\/div>\n\t\t\t\t<\/div>\n\t\t\t\t\t<\/div>\n\t\t\t\t<\/div>\n\t\t<div class=\"elementor-element elementor-element-68c42c0 e-flex e-con-boxed e-con e-parent\" data-id=\"68c42c0\" data-element_type=\"container\">\n\t\t\t\t\t<div class=\"e-con-inner\">\n\t\t\t\t\t<\/div>\n\t\t\t\t<\/div>\n\t\t\t\t<\/div>\n\t\t","protected":false},"excerpt":{"rendered":"","protected":false},"author":1,"featured_media":0,"parent":0,"menu_order":0,"comment_status":"closed","ping_status":"closed","template":"elementor_header_footer","meta":{"footnotes":""},"class_list":["post-3920","page","type-page","status-publish","hentry"],"featured_image_src":"","featured_image_src_square":"","_links":{"self":[{"href":"https:\/\/nammimarlik.com\/index.php\/wp-json\/wp\/v2\/pages\/3920","targetHints":{"allow":["GET"]}}],"collection":[{"href":"https:\/\/nammimarlik.com\/index.php\/wp-json\/wp\/v2\/pages"}],"about":[{"href":"https:\/\/nammimarlik.com\/index.php\/wp-json\/wp\/v2\/types\/page"}],"author":[{"embeddable":true,"href":"https:\/\/nammimarlik.com\/index.php\/wp-json\/wp\/v2\/users\/1"}],"replies":[{"embeddable":true,"href":"https:\/\/nammimarlik.com\/index.php\/wp-json\/wp\/v2\/comments?post=3920"}],"version-history":[{"count":48,"href":"https:\/\/nammimarlik.com\/index.php\/wp-json\/wp\/v2\/pages\/3920\/revisions"}],"predecessor-version":[{"id":5719,"href":"https:\/\/nammimarlik.com\/index.php\/wp-json\/wp\/v2\/pages\/3920\/revisions\/5719"}],"wp:attachment":[{"href":"https:\/\/nammimarlik.com\/index.php\/wp-json\/wp\/v2\/media?parent=3920"}],"curies":[{"name":"wp","href":"https:\/\/api.w.org\/{rel}","templated":true}]}}